{"id":131,"date":"2014-08-12T12:59:14","date_gmt":"2014-08-12T12:59:14","guid":{"rendered":"http:\/\/laba.se\/?page_id=131"},"modified":"2014-08-12T12:59:14","modified_gmt":"2014-08-12T12:59:14","slug":"kontakta-oss","status":"publish","type":"page","link":"https:\/\/laba.se\/index.php\/kontakta-oss\/","title":{"rendered":"Kontakta oss"},"content":{"rendered":"<p>Om du av n\u00e5gon anledning vill komma i kontakt med mig \u00e4r det enklast att skicka ett mejl till info@laba.se. Om det har blivit n\u00e5got fel p\u00e5 din order \u00e4r det bra att du skriver ditt ordernummer i meddelandet, s\u00e5 hittar vi l\u00e4ttare och kan snabbare hj\u00e4lpa dig l\u00f6sa problemet.<\/p>\n<p>\u00c4r du s\u00e4ljare, s\u00e5 m\u00e5ste du om du vill s\u00e4lja n\u00e5got, skicka ett mejl f\u00f6rst och ber\u00e4tta vad det \u00e4r du vill s\u00e4lja och varf\u00f6r. F\u00e5r vi inte mejl information f\u00f6rst, kommer vi inte att k\u00f6pa din produkt\/tj\u00e4nst oavsett hur bra den \u00e4r.<\/p>\n<p>Jag f\u00f6redrar mejlkontakt, men det g\u00e5r givetvis \u00e4ven att ringa eller skicka sms till nr. 070-77 320 32.<\/p>\n<p>Mejladressen \u00e4r allts\u00e5 info@laba.se eller linda@laba.se.<\/p>\n","protected":false},"excerpt":{"rendered":"<p>Om du av n\u00e5gon anledning vill komma i kontakt med mig \u00e4r det enklast att skicka ett mejl till info@laba.se. Om det har blivit n\u00e5got fel p\u00e5 din order \u00e4r det bra att du skriver ditt ordernummer i meddelandet, s\u00e5 hittar vi l\u00e4ttare och kan snabbare hj\u00e4lpa dig l\u00f6sa problemet. \u00c4r du s\u00e4ljare, s\u00e5 m\u00e5ste &#8230; <a title=\"Kontakta oss\" class=\"read-more\" href=\"https:\/\/laba.se\/index.php\/kontakta-oss\/\" aria-label=\"L\u00e4s mer om Kontakta oss\">L\u00e4s mer<\/a><\/p>\n","protected":false},"author":1,"featured_media":0,"parent":0,"menu_order":0,"comment_status":"open","ping_status":"open","template":"","meta":{"generate_page_header":"","footnotes":""},"class_list":["post-131","page","type-page","status-publish"],"aioseo_notices":[],"jetpack_sharing_enabled":true,"_links":{"self":[{"href":"https:\/\/laba.se\/index.php\/wp-json\/wp\/v2\/pages\/131","targetHints":{"allow":["GET"]}}],"collection":[{"href":"https:\/\/laba.se\/index.php\/wp-json\/wp\/v2\/pages"}],"about":[{"href":"https:\/\/laba.se\/index.php\/wp-json\/wp\/v2\/types\/page"}],"author":[{"embeddable":true,"href":"https:\/\/laba.se\/index.php\/wp-json\/wp\/v2\/users\/1"}],"replies":[{"embeddable":true,"href":"https:\/\/laba.se\/index.php\/wp-json\/wp\/v2\/comments?post=131"}],"version-history":[{"count":1,"href":"https:\/\/laba.se\/index.php\/wp-json\/wp\/v2\/pages\/131\/revisions"}],"predecessor-version":[{"id":132,"href":"https:\/\/laba.se\/index.php\/wp-json\/wp\/v2\/pages\/131\/revisions\/132"}],"wp:attachment":[{"href":"https:\/\/laba.se\/index.php\/wp-json\/wp\/v2\/media?parent=131"}],"curies":[{"name":"wp","href":"https:\/\/api.w.org\/{rel}","templated":true}]}}