{"id":2046,"date":"2025-09-30T07:15:52","date_gmt":"2025-09-30T07:15:52","guid":{"rendered":"https:\/\/laba.se\/?page_id=2046"},"modified":"2025-09-30T07:15:53","modified_gmt":"2025-09-30T07:15:53","slug":"bonus-sida-for-prenumeranter","status":"publish","type":"page","link":"https:\/\/laba.se\/index.php\/bonus-sida-for-prenumeranter\/","title":{"rendered":"Bonus sida f\u00f6r prenumeranter"},"content":{"rendered":"\n<p>H\u00e4r hittar du din pdf som jag lovade. <\/p>\n\n\n\n<ul class=\"wp-block-list\">\n<li>Vecka 1 matsedel<\/li>\n<\/ul>\n\n\n\n<p>Stanna g\u00e4rna kvar som prenumerant p\u00e5 nyhetsbrevet \u00e4ven efter att du h\u00e4mtat din pdf. Nya pdf filer kan eventuellt hamna h\u00e4r i framtiden och den du har f\u00e5tt idag, den kan komma att uppdateras\/f\u00f6rb\u00e4ttras. <\/p>\n","protected":false},"excerpt":{"rendered":"<p>H\u00e4r hittar du din pdf som jag lovade. Stanna g\u00e4rna kvar som prenumerant p\u00e5 nyhetsbrevet \u00e4ven efter att du h\u00e4mtat din pdf. Nya pdf filer kan eventuellt hamna h\u00e4r i framtiden och den du har f\u00e5tt idag, den kan komma att uppdateras\/f\u00f6rb\u00e4ttras.<\/p>\n","protected":false},"author":1,"featured_media":0,"parent":0,"menu_order":0,"comment_status":"closed","ping_status":"closed","template":"","meta":{"generate_page_header":"","footnotes":""},"class_list":["post-2046","page","type-page","status-publish"],"aioseo_notices":[],"jetpack_sharing_enabled":true,"_links":{"self":[{"href":"https:\/\/laba.se\/index.php\/wp-json\/wp\/v2\/pages\/2046","targetHints":{"allow":["GET"]}}],"collection":[{"href":"https:\/\/laba.se\/index.php\/wp-json\/wp\/v2\/pages"}],"about":[{"href":"https:\/\/laba.se\/index.php\/wp-json\/wp\/v2\/types\/page"}],"author":[{"embeddable":true,"href":"https:\/\/laba.se\/index.php\/wp-json\/wp\/v2\/users\/1"}],"replies":[{"embeddable":true,"href":"https:\/\/laba.se\/index.php\/wp-json\/wp\/v2\/comments?post=2046"}],"version-history":[{"count":1,"href":"https:\/\/laba.se\/index.php\/wp-json\/wp\/v2\/pages\/2046\/revisions"}],"predecessor-version":[{"id":2047,"href":"https:\/\/laba.se\/index.php\/wp-json\/wp\/v2\/pages\/2046\/revisions\/2047"}],"wp:attachment":[{"href":"https:\/\/laba.se\/index.php\/wp-json\/wp\/v2\/media?parent=2046"}],"curies":[{"name":"wp","href":"https:\/\/api.w.org\/{rel}","templated":true}]}}