{"id":1405,"date":"2022-02-16T14:23:37","date_gmt":"2022-02-16T14:23:37","guid":{"rendered":"https:\/\/laba.se\/?post_type=product&#038;p=1405"},"modified":"2025-05-27T02:45:35","modified_gmt":"2025-05-27T02:45:35","slug":"lila-strumpklammor","status":"publish","type":"product","link":"https:\/\/laba.se\/index.php\/produkt\/lila-strumpklammor\/","title":{"rendered":"Lila Strumpkl\u00e4mmor"},"content":{"rendered":"<p>I den h\u00e4r f\u00f6rpackningen f\u00e5r du:<\/p>\n<ul>\n<li>15 Lila strumpkl\u00e4mmor<\/li>\n<\/ul>\n<p>&nbsp;<\/p>\n","protected":false},"excerpt":{"rendered":"<p>I den h\u00e4r f\u00f6rpackningen f\u00e5r du: 15 Lila strumpkl\u00e4mmor &nbsp;<\/p>\n","protected":false},"featured_media":1426,"comment_status":"open","ping_status":"closed","template":"","meta":{"generate_page_header":""},"product_brand":[],"product_cat":[148],"product_tag":[],"class_list":{"0":"post-1405","1":"product","2":"type-product","3":"status-publish","4":"has-post-thumbnail","6":"product_cat-strumpklammor","7":"sales-flash-overlay","8":"woocommerce-text-align-center","9":"woocommerce-image-align-center","10":"do-quantity-buttons","11":"wc-has-gallery","13":"first","14":"instock","15":"taxable","16":"shipping-taxable","17":"purchasable","18":"product-type-simple"},"aioseo_notices":[],"jetpack_sharing_enabled":true,"_links":{"self":[{"href":"https:\/\/laba.se\/index.php\/wp-json\/wp\/v2\/product\/1405","targetHints":{"allow":["GET"]}}],"collection":[{"href":"https:\/\/laba.se\/index.php\/wp-json\/wp\/v2\/product"}],"about":[{"href":"https:\/\/laba.se\/index.php\/wp-json\/wp\/v2\/types\/product"}],"replies":[{"embeddable":true,"href":"https:\/\/laba.se\/index.php\/wp-json\/wp\/v2\/comments?post=1405"}],"wp:featuredmedia":[{"embeddable":true,"href":"https:\/\/laba.se\/index.php\/wp-json\/wp\/v2\/media\/1426"}],"wp:attachment":[{"href":"https:\/\/laba.se\/index.php\/wp-json\/wp\/v2\/media?parent=1405"}],"wp:term":[{"taxonomy":"product_brand","embeddable":true,"href":"https:\/\/laba.se\/index.php\/wp-json\/wp\/v2\/product_brand?post=1405"},{"taxonomy":"product_cat","embeddable":true,"href":"https:\/\/laba.se\/index.php\/wp-json\/wp\/v2\/product_cat?post=1405"},{"taxonomy":"product_tag","embeddable":true,"href":"https:\/\/laba.se\/index.php\/wp-json\/wp\/v2\/product_tag?post=1405"}],"curies":[{"name":"wp","href":"https:\/\/api.w.org\/{rel}","templated":true}]}}