{"id":1513,"date":"2022-05-17T09:45:13","date_gmt":"2022-05-17T09:45:13","guid":{"rendered":"https:\/\/laba.se\/?post_type=product&#038;p=1513"},"modified":"2024-09-01T10:05:35","modified_gmt":"2024-09-01T10:05:35","slug":"bla-strumpklammor","status":"publish","type":"product","link":"https:\/\/laba.se\/index.php\/produkt\/bla-strumpklammor\/","title":{"rendered":"Bl\u00e5 Strumpkl\u00e4mmor"},"content":{"rendered":"<p>I den h\u00e4r f\u00f6rpackningen f\u00e5r du:<\/p>\n<ul>\n<li>15 bl\u00e5 strumpkl\u00e4mmor<\/li>\n<\/ul>\n<p>&nbsp;<\/p>\n","protected":false},"excerpt":{"rendered":"<p>I den h\u00e4r f\u00f6rpackningen f\u00e5r du: 15 bl\u00e5 strumpkl\u00e4mmor &nbsp;<\/p>\n","protected":false},"featured_media":1514,"comment_status":"open","ping_status":"closed","template":"","meta":{"generate_page_header":""},"product_brand":[],"product_cat":[148],"product_tag":[],"class_list":{"0":"post-1513","1":"product","2":"type-product","3":"status-publish","4":"has-post-thumbnail","6":"product_cat-strumpklammor","7":"sales-flash-overlay","8":"woocommerce-text-align-center","9":"woocommerce-image-align-center","10":"do-quantity-buttons","12":"first","13":"instock","14":"taxable","15":"shipping-taxable","16":"purchasable","17":"product-type-simple"},"aioseo_notices":[],"jetpack_sharing_enabled":true,"_links":{"self":[{"href":"https:\/\/laba.se\/index.php\/wp-json\/wp\/v2\/product\/1513","targetHints":{"allow":["GET"]}}],"collection":[{"href":"https:\/\/laba.se\/index.php\/wp-json\/wp\/v2\/product"}],"about":[{"href":"https:\/\/laba.se\/index.php\/wp-json\/wp\/v2\/types\/product"}],"replies":[{"embeddable":true,"href":"https:\/\/laba.se\/index.php\/wp-json\/wp\/v2\/comments?post=1513"}],"wp:featuredmedia":[{"embeddable":true,"href":"https:\/\/laba.se\/index.php\/wp-json\/wp\/v2\/media\/1514"}],"wp:attachment":[{"href":"https:\/\/laba.se\/index.php\/wp-json\/wp\/v2\/media?parent=1513"}],"wp:term":[{"taxonomy":"product_brand","embeddable":true,"href":"https:\/\/laba.se\/index.php\/wp-json\/wp\/v2\/product_brand?post=1513"},{"taxonomy":"product_cat","embeddable":true,"href":"https:\/\/laba.se\/index.php\/wp-json\/wp\/v2\/product_cat?post=1513"},{"taxonomy":"product_tag","embeddable":true,"href":"https:\/\/laba.se\/index.php\/wp-json\/wp\/v2\/product_tag?post=1513"}],"curies":[{"name":"wp","href":"https:\/\/api.w.org\/{rel}","templated":true}]}}