{"id":1519,"date":"2022-05-17T09:48:57","date_gmt":"2022-05-17T09:48:57","guid":{"rendered":"https:\/\/laba.se\/?post_type=product&#038;p=1519"},"modified":"2025-07-22T13:59:32","modified_gmt":"2025-07-22T13:59:32","slug":"lila-vita-rosa-strumpklammor","status":"publish","type":"product","link":"https:\/\/laba.se\/index.php\/produkt\/lila-vita-rosa-strumpklammor\/","title":{"rendered":"Lila-Vita-Rosa Strumpkl\u00e4mmor"},"content":{"rendered":"<p>Strumpkl\u00e4mmor \u00e4r en smart produkt som hj\u00e4lper dig att h\u00e5lla ordning p\u00e5 bland annat dina strumpor medan de \u00e5ker runt i tv\u00e4ttmaskinen. Se till att varje familjemedlem f\u00e5r sin egen f\u00e4rg p\u00e5 kl\u00e4mmor f\u00f6r att f\u00f6renkla sorteringen \u00e4nnu mera. I just den \u00e4r f\u00f6rpackningen f\u00e5r du tre olika f\u00e4rger p\u00e5 kl\u00e4mmor vilket \u00e4r en bra start till tre personer. Men k\u00f6p g\u00e4rna minst tv\u00e5 f\u00f6rpackningar s\u00e5 att ni klarar er en hel vecka utan att kl\u00e4mmorna tar slut. Och vem vet, du, precis som jag, hittar kanske flera anv\u00e4ndningsomr\u00e5den f\u00f6r dem.<\/p>\n<p>I den h\u00e4r f\u00f6rpackningen f\u00e5r du:<\/p>\n<ul>\n<li>5 Lila<\/li>\n<li>5 Vita<\/li>\n<li>5 Rosa<\/li>\n<\/ul>\n<p>Totalt 15 strumpkl\u00e4mmor.<\/p>\n","protected":false},"excerpt":{"rendered":"<p>15 strumpkl\u00e4mmor i tre olika f\u00e4rger. I den h\u00e4r f\u00f6rpackningen f\u00e5r du;<\/p>\n<ul>\n<li>5 rosa kl\u00e4mmor<\/li>\n<li>5 lila kl\u00e4mmor<\/li>\n<li>5 vita kl\u00e4mmor<\/li>\n<\/ul>\n","protected":false},"featured_media":1520,"comment_status":"open","ping_status":"closed","template":"","meta":{"generate_page_header":""},"product_brand":[],"product_cat":[148],"product_tag":[],"class_list":{"0":"post-1519","1":"product","2":"type-product","3":"status-publish","4":"has-post-thumbnail","6":"product_cat-strumpklammor","7":"sales-flash-overlay","8":"woocommerce-text-align-center","9":"woocommerce-image-align-center","10":"do-quantity-buttons","12":"first","13":"instock","14":"taxable","15":"shipping-taxable","16":"purchasable","17":"product-type-simple"},"aioseo_notices":[],"jetpack_sharing_enabled":true,"_links":{"self":[{"href":"https:\/\/laba.se\/index.php\/wp-json\/wp\/v2\/product\/1519","targetHints":{"allow":["GET"]}}],"collection":[{"href":"https:\/\/laba.se\/index.php\/wp-json\/wp\/v2\/product"}],"about":[{"href":"https:\/\/laba.se\/index.php\/wp-json\/wp\/v2\/types\/product"}],"replies":[{"embeddable":true,"href":"https:\/\/laba.se\/index.php\/wp-json\/wp\/v2\/comments?post=1519"}],"wp:featuredmedia":[{"embeddable":true,"href":"https:\/\/laba.se\/index.php\/wp-json\/wp\/v2\/media\/1520"}],"wp:attachment":[{"href":"https:\/\/laba.se\/index.php\/wp-json\/wp\/v2\/media?parent=1519"}],"wp:term":[{"taxonomy":"product_brand","embeddable":true,"href":"https:\/\/laba.se\/index.php\/wp-json\/wp\/v2\/product_brand?post=1519"},{"taxonomy":"product_cat","embeddable":true,"href":"https:\/\/laba.se\/index.php\/wp-json\/wp\/v2\/product_cat?post=1519"},{"taxonomy":"product_tag","embeddable":true,"href":"https:\/\/laba.se\/index.php\/wp-json\/wp\/v2\/product_tag?post=1519"}],"curies":[{"name":"wp","href":"https:\/\/api.w.org\/{rel}","templated":true}]}}