{"id":446,"date":"2012-10-18T09:02:54","date_gmt":"2012-10-18T09:02:54","guid":{"rendered":"http:\/\/laba.se\/strumpor-trosor-kalsonger\/?page_id=446"},"modified":"2012-10-18T09:03:15","modified_gmt":"2012-10-18T09:03:15","slug":"vanliga-fragor","status":"publish","type":"page","link":"https:\/\/laba.se\/strumpor-trosor-kalsonger\/index.php\/om-oss\/hur-du-handlar-har\/vanliga-fragor\/","title":{"rendered":"Vanliga fr\u00e5gor"},"content":{"rendered":"<p>Vi f\u00e5r inte s\u00e5 m\u00e5nga fr\u00e5gor och det hoppas vi beror p\u00e5 att vi f\u00f6rklarar bra fr\u00e5n b\u00f6rjan. Men om det \u00e4r n\u00e5got du undrar s\u00e5 hoppas vi att du h\u00f6r av dig till info@laba.se. Vi \u00e4r h\u00e4r f\u00f6r att hj\u00e4lpa dig och det \u00e4r lite sv\u00e5rt om vi inte vet vad just du beh\u00f6ver hj\u00e4lp med.<\/p>\n<p>H\u00e4r kommer dock n\u00e5gra fr\u00e5gor och vi b\u00f6rjar med den absolut vanligaste.<\/p>\n<p><strong>N\u00e4r f\u00e5r jag mina varor?<\/strong><\/p>\n<p>Vi f\u00f6rs\u00f6ker att l\u00e4mna dina varor till posten senast dagen efter att vi tagit emot din best\u00e4llning. Om du inte f\u00e5tt dina varor beror det vanligtvis p\u00e5 att du valt f\u00f6rskottsinbetalning och att pengarna \u00e4nnu inte n\u00e5tt v\u00e5rt konto. Det \u00e4r n\u00e4mligen f\u00f6rst n\u00e4r vi ser pengarna p\u00e5 v\u00e5rt konto som vi levererar. Men det kan s\u00e5klart ocks\u00e5 beror p\u00e5 att vi gjort fel. Vi \u00e4r m\u00e4nniskor och tyv\u00e4rr blir det fel ibland. Det \u00e4r inget vi \u00e4r s\u00e5 glada f\u00f6r, men vi blir gladare om du h\u00f6r av dig och ber\u00e4ttar att vi gjort fel, s\u00e5 att vi har en chans att r\u00e4tta till felet. N\u00e4r vi g\u00f6r fel brukar vi f\u00f6rs\u00f6ka att p\u00e5 n\u00e5got s\u00e4tt kompensera dig som kund.<\/p>\n<p><strong>Hur g\u00f6r jag om jag inte vill betala faktureringsavgift?<\/strong><\/p>\n<p>F\u00f6r att slippa faktureringsavgift kan du v\u00e4lja att betala med kort. Vi anv\u00e4nder oss av b\u00e5de Payson och Paypal som utomst\u00e5ende och p\u00e5litliga kortbetalningstj\u00e4nster. Om du inte vill betala med kort, kan du v\u00e4lja att betala dina varor i f\u00f6rskott till v\u00e5rt bankgiro 5512-8854. Men d\u00e5 m\u00e5ste du vara beredd p\u00e5 att det tar lite l\u00e4ngre tid att f\u00e5 varorna. Vi levererar n\u00e4mligen inget f\u00f6rr\u00e4n vi ser pengarna p\u00e5 v\u00e5rt konto.<\/p>\n<p><strong>En vara var trasig redan efter f\u00f6rsta tv\u00e4tten, vad g\u00f6r jag?<\/strong><\/p>\n<p>Vi f\u00f6rs\u00f6ker h\u00e5lla h\u00f6g kvalitet p\u00e5 de varor vi s\u00e4ljer. De ska d\u00e4rf\u00f6r h\u00e5lla mycket mer \u00e4n b\u00e5de en och tv\u00e5 tv\u00e4ttar (undantag f\u00f6r de artiklar vi s\u00e4ljer som andrasortering till l\u00e4gre pris). Skulle du \u00e4nd\u00e5 ha oturen att f\u00e5 en vara som inte h\u00e5ller den kvalitet vi lovar, s\u00e5 vill vi att du s\u00e5 snart som m\u00f6jligt kontaktar oss via mail info@laba.se. Vanligtvis skickar vi en ny till dig.<\/p>\n<p><strong>Hur \u00e4r de i storleken?<\/strong><\/p>\n<p>Om inget annat anges s\u00e5 \u00e4r alla artiklar normala i storleken. Men ibland f\u00e5r vi in artiklar som skiljer sig och d\u00e5 f\u00f6rs\u00f6ker vi att skriva det i direkt anslutning till respektive vara.<\/p>\n","protected":false},"excerpt":{"rendered":"<p>Vi f\u00e5r inte s\u00e5 m\u00e5nga fr\u00e5gor och det hoppas vi beror p\u00e5 att vi f\u00f6rklarar bra fr\u00e5n b\u00f6rjan. Men om det \u00e4r n\u00e5got du undrar s\u00e5 hoppas vi att du h\u00f6r av dig till info@laba.se. Vi \u00e4r h\u00e4r f\u00f6r att hj\u00e4lpa dig och det \u00e4r lite sv\u00e5rt om vi inte vet vad just du beh\u00f6ver &#8230; <a title=\"Vanliga fr\u00e5gor\" class=\"read-more\" href=\"https:\/\/laba.se\/strumpor-trosor-kalsonger\/index.php\/om-oss\/hur-du-handlar-har\/vanliga-fragor\/\" aria-label=\"Mer p\u00e5 Vanliga fr\u00e5gor\">Read more<\/a><\/p>\n","protected":false},"author":1,"featured_media":0,"parent":436,"menu_order":0,"comment_status":"open","ping_status":"open","template":"","meta":{"generate_page_header":"","spay_email":""},"aioseo_notices":[],"jetpack_sharing_enabled":true,"jetpack_shortlink":"https:\/\/wp.me\/P74V7F-7c","jetpack-related-posts":[{"id":440,"url":"https:\/\/laba.se\/strumpor-trosor-kalsonger\/index.php\/om-oss\/hur-du-handlar-har\/kop-och-leverans-villkor\/","url_meta":{"origin":446,"position":0},"title":"K\u00f6p och leverans villkor","date":"oktober 18, 2012","format":false,"excerpt":"Vi f\u00f6rs\u00f6ker h\u00e5lla s\u00e5 enkla k\u00f6p och leveransvillkor som m\u00f6jligt. Vi vill att det ska vara enkelt f\u00f6r dig att handla, men viktigast \u00e4r att du ska k\u00e4nna dig trygg som kund. Retur och reklamation. Om du av n\u00e5gon anledning \u00e5ngrar ditt k\u00f6p eller om du r\u00e5kat best\u00e4lla fel storlek,\u2026","rel":"","context":"Liknande inl\u00e4gg","img":{"alt_text":"","src":"","width":0,"height":0},"classes":[]},{"id":4818,"url":"https:\/\/laba.se\/strumpor-trosor-kalsonger\/index.php\/information\/","url_meta":{"origin":446,"position":1},"title":"Information","date":"oktober 27, 2017","format":false,"excerpt":"N\u00e4r man handlar p\u00e5 n\u00e4tet vill man g\u00e4rna veta lite om den som st\u00e5r bakom och vilka k\u00f6p och leveransvillkor som g\u00e4ller. H\u00e4r hittar du l\u00e4nkar till mer information som kan vara anv\u00e4ndbar f\u00f6r dig. Hur du handlar h\u00e4r K\u00f6p och leverans villkor Vanliga fr\u00e5gor och svar Om mig\/Laba Kontakta\u2026","rel":"","context":"Liknande inl\u00e4gg","img":{"alt_text":"","src":"","width":0,"height":0},"classes":[]},{"id":450,"url":"https:\/\/laba.se\/strumpor-trosor-kalsonger\/index.php\/om-oss\/","url_meta":{"origin":446,"position":2},"title":"Om mig","date":"oktober 18, 2012","format":false,"excerpt":"Jag startade Laba i liten skala under 2006. Jag var d\u00e5 mammaledig med mitt tredje barn. Som mamma till tre barn s\u00e5 ins\u00e5g jag att det d\u00e4r med strumpor \u00e4r n\u00e5got som tar mycket tid. Tid som jag hellre spenderade framf\u00f6r datorn p\u00e5 Internet eftersom det d\u00e4r med hemsidor var\u2026","rel":"","context":"Liknande inl\u00e4gg","img":{"alt_text":"","src":"","width":0,"height":0},"classes":[]},{"id":436,"url":"https:\/\/laba.se\/strumpor-trosor-kalsonger\/index.php\/om-oss\/hur-du-handlar-har\/","url_meta":{"origin":446,"position":3},"title":"Hur du handlar h\u00e4r","date":"oktober 18, 2012","format":false,"excerpt":"N\u00e4r man handlar p\u00e5\u00a0Internet\u00a0\u00e4r det viktigt att man tar del av k\u00f6p och leveransvillkoren, oavsett vilken butik det \u00e4r. Vi f\u00f6rs\u00f6ker h\u00e5lla dem s\u00e5 enkla som m\u00f6jligt. Du kan l\u00e4sa mer om alla villkor h\u00e4r... Trots att vi f\u00f6rs\u00f6ker h\u00e5lla dem enkla, s\u00e5 dyker det \u00e4nd\u00e5 upp fr\u00e5gor ibland. \u00c4r\u2026","rel":"","context":"Liknande inl\u00e4gg","img":{"alt_text":"","src":"","width":0,"height":0},"classes":[]},{"id":2229,"url":"https:\/\/laba.se\/strumpor-trosor-kalsonger\/index.php\/om-oss\/kontakta-oss\/","url_meta":{"origin":446,"position":4},"title":"Kontakta oss","date":"augusti 12, 2014","format":false,"excerpt":"Om du av n\u00e5gon anledning vill komma i kontakt med mig \u00e4r det enklast att skicka ett mejl till info@laba.se. Om det har blivit n\u00e5got fel p\u00e5 din order \u00e4r det bra att du skriver ditt ordernummer i meddelandet, s\u00e5 hittar vi l\u00e4ttare och kan snabbare hj\u00e4lpa dig l\u00f6sa problemet.\u2026","rel":"","context":"Med 2 kommentarer","img":{"alt_text":"","src":"","width":0,"height":0},"classes":[]},{"id":3586,"url":"https:\/\/laba.se\/strumpor-trosor-kalsonger\/index.php\/bambu\/","url_meta":{"origin":446,"position":5},"title":"Bambu","date":"april 28, 2016","format":false,"excerpt":"Bambu Bambu Linne & Toppar (3) Bambukalsonger (4) \u00d6vrigt av Bambu (2) \u00a0 Bambu Bambu \u00e4r ett otroligt material. Bambu klassas som gr\u00e4s och v\u00e4xer i de lite varmare omr\u00e5dena p\u00e5 v\u00e5r planet. Det finns ungef\u00e4r 1000 olika arter av bambu och den kan anv\u00e4ndas till allt fr\u00e5n att bygga\u2026","rel":"","context":"Liknande inl\u00e4gg","img":{"alt_text":"Bambu Linne & Toppar","src":"https:\/\/i1.wp.com\/laba.se\/strumpor-trosor-kalsonger\/wp-content\/uploads\/2016\/05\/bambu-linne-toppar-400x400.jpg?resize=350%2C200","width":350,"height":200},"classes":[]}],"_links":{"self":[{"href":"https:\/\/laba.se\/strumpor-trosor-kalsonger\/index.php\/wp-json\/wp\/v2\/pages\/446"}],"collection":[{"href":"https:\/\/laba.se\/strumpor-trosor-kalsonger\/index.php\/wp-json\/wp\/v2\/pages"}],"about":[{"href":"https:\/\/laba.se\/strumpor-trosor-kalsonger\/index.php\/wp-json\/wp\/v2\/types\/page"}],"author":[{"embeddable":true,"href":"https:\/\/laba.se\/strumpor-trosor-kalsonger\/index.php\/wp-json\/wp\/v2\/users\/1"}],"replies":[{"embeddable":true,"href":"https:\/\/laba.se\/strumpor-trosor-kalsonger\/index.php\/wp-json\/wp\/v2\/comments?post=446"}],"version-history":[{"count":2,"href":"https:\/\/laba.se\/strumpor-trosor-kalsonger\/index.php\/wp-json\/wp\/v2\/pages\/446\/revisions"}],"predecessor-version":[{"id":448,"href":"https:\/\/laba.se\/strumpor-trosor-kalsonger\/index.php\/wp-json\/wp\/v2\/pages\/446\/revisions\/448"}],"up":[{"embeddable":true,"href":"https:\/\/laba.se\/strumpor-trosor-kalsonger\/index.php\/wp-json\/wp\/v2\/pages\/436"}],"wp:attachment":[{"href":"https:\/\/laba.se\/strumpor-trosor-kalsonger\/index.php\/wp-json\/wp\/v2\/media?parent=446"}],"curies":[{"name":"wp","href":"https:\/\/api.w.org\/{rel}","templated":true}]}}