{"id":6,"date":"2012-08-23T06:34:53","date_gmt":"2012-08-23T06:34:53","guid":{"rendered":"http:\/\/laba.se\/strumpor-trosor-kalsonger\/?page_id=6"},"modified":"2021-01-12T09:05:37","modified_gmt":"2021-01-12T09:05:37","slug":"varukorg","status":"publish","type":"page","link":"https:\/\/laba.se\/strumpor-trosor-kalsonger\/index.php\/till-kassan\/varukorg\/","title":{"rendered":"Varukorg"},"content":{"rendered":"<p><strong><img data-attachment-id=\"3677\" data-permalink=\"https:\/\/laba.se\/strumpor-trosor-kalsonger\/index.php\/till-kassan\/varukorg\/kundkorg-red\/#main\" data-orig-file=\"https:\/\/i0.wp.com\/laba.se\/strumpor-trosor-kalsonger\/wp-content\/uploads\/2012\/08\/kundkorg-red.jpg?fit=250%2C205&amp;ssl=1\" data-orig-size=\"250,205\" data-comments-opened=\"1\" data-image-meta=\"{&quot;aperture&quot;:&quot;0&quot;,&quot;credit&quot;:&quot;&quot;,&quot;camera&quot;:&quot;&quot;,&quot;caption&quot;:&quot;&quot;,&quot;created_timestamp&quot;:&quot;0&quot;,&quot;copyright&quot;:&quot;&quot;,&quot;focal_length&quot;:&quot;0&quot;,&quot;iso&quot;:&quot;0&quot;,&quot;shutter_speed&quot;:&quot;0&quot;,&quot;title&quot;:&quot;&quot;,&quot;orientation&quot;:&quot;0&quot;}\" data-image-title=\"kundkorg-red\" data-image-description=\"\" data-image-caption=\"\" data-medium-file=\"https:\/\/i0.wp.com\/laba.se\/strumpor-trosor-kalsonger\/wp-content\/uploads\/2012\/08\/kundkorg-red.jpg?fit=250%2C205&amp;ssl=1\" data-large-file=\"https:\/\/i0.wp.com\/laba.se\/strumpor-trosor-kalsonger\/wp-content\/uploads\/2012\/08\/kundkorg-red.jpg?fit=250%2C205&amp;ssl=1\" loading=\"lazy\" class=\"alignright wp-image-3677\" src=\"https:\/\/i0.wp.com\/laba.se\/strumpor-trosor-kalsonger\/wp-content\/uploads\/2012\/08\/kundkorg-red.jpg?resize=180%2C148\" alt=\"kundkorg-red\" width=\"180\" height=\"148\" data-recalc-dims=\"1\" \/><\/strong><\/p>\n\n<p><strong><img data-attachment-id=\"3660\" data-permalink=\"https:\/\/laba.se\/strumpor-trosor-kalsonger\/index.php\/till-kassan\/30-dagar\/#main\" data-orig-file=\"https:\/\/i2.wp.com\/laba.se\/strumpor-trosor-kalsonger\/wp-content\/uploads\/2012\/08\/30-dagar.jpg?fit=170%2C170&amp;ssl=1\" data-orig-size=\"170,170\" data-comments-opened=\"1\" data-image-meta=\"{&quot;aperture&quot;:&quot;0&quot;,&quot;credit&quot;:&quot;&quot;,&quot;camera&quot;:&quot;&quot;,&quot;caption&quot;:&quot;&quot;,&quot;created_timestamp&quot;:&quot;0&quot;,&quot;copyright&quot;:&quot;&quot;,&quot;focal_length&quot;:&quot;0&quot;,&quot;iso&quot;:&quot;0&quot;,&quot;shutter_speed&quot;:&quot;0&quot;,&quot;title&quot;:&quot;&quot;,&quot;orientation&quot;:&quot;0&quot;}\" data-image-title=\"30-dagar\" data-image-description=\"\" data-image-caption=\"\" data-medium-file=\"https:\/\/i2.wp.com\/laba.se\/strumpor-trosor-kalsonger\/wp-content\/uploads\/2012\/08\/30-dagar.jpg?fit=170%2C170&amp;ssl=1\" data-large-file=\"https:\/\/i2.wp.com\/laba.se\/strumpor-trosor-kalsonger\/wp-content\/uploads\/2012\/08\/30-dagar.jpg?fit=170%2C170&amp;ssl=1\" loading=\"lazy\" class=\"alignleft wp-image-3660\" src=\"https:\/\/i0.wp.com\/laba.se\/strumpor-trosor-kalsonger\/wp-content\/uploads\/2012\/08\/30-dagar-150x150.jpg?resize=101%2C101\" alt=\"30-dagar\" width=\"101\" height=\"101\" srcset=\"https:\/\/i2.wp.com\/laba.se\/strumpor-trosor-kalsonger\/wp-content\/uploads\/2012\/08\/30-dagar.jpg?resize=150%2C150&amp;ssl=1 150w, https:\/\/i2.wp.com\/laba.se\/strumpor-trosor-kalsonger\/wp-content\/uploads\/2012\/08\/30-dagar.jpg?resize=157%2C157&amp;ssl=1 157w, https:\/\/i2.wp.com\/laba.se\/strumpor-trosor-kalsonger\/wp-content\/uploads\/2012\/08\/30-dagar.jpg?w=170&amp;ssl=1 170w\" sizes=\"(max-width: 101px) 100vw, 101px\" data-recalc-dims=\"1\" \/>Sj\u00e4lvklart har du full \u00e5ngerr\u00e4tt. Se bara till att f\u00f6rpackningen \u00e4r hel<\/strong> och skicka g\u00e4rna ett mejl innan du skickar tillbaka, s\u00e5 jag kan h\u00e5lla utkik efter din retur och f\u00f6rbereda \u00e5terbetalningen.<\/p>\n<p>Din best\u00e4llning kommer att l\u00e4mnas till posten senast n\u00e4sta vardag.<\/p>\n","protected":false},"excerpt":{"rendered":"<p>Sj\u00e4lvklart har du full \u00e5ngerr\u00e4tt. Se bara till att f\u00f6rpackningen \u00e4r hel och skicka g\u00e4rna ett mejl innan du skickar tillbaka, s\u00e5 jag kan h\u00e5lla utkik efter din retur och f\u00f6rbereda \u00e5terbetalningen. Din best\u00e4llning kommer att l\u00e4mnas till posten senast n\u00e4sta vardag.<\/p>\n","protected":false},"author":1,"featured_media":0,"parent":7,"menu_order":0,"comment_status":"closed","ping_status":"closed","template":"","meta":{"generate_page_header":"","spay_email":""},"aioseo_notices":[],"jetpack_sharing_enabled":true,"jetpack_shortlink":"https:\/\/wp.me\/P74V7F-6","jetpack-related-posts":[{"id":2229,"url":"https:\/\/laba.se\/strumpor-trosor-kalsonger\/index.php\/om-oss\/kontakta-oss\/","url_meta":{"origin":6,"position":0},"title":"Kontakta oss","date":"augusti 12, 2014","format":false,"excerpt":"Om du av n\u00e5gon anledning vill komma i kontakt med mig \u00e4r det enklast att skicka ett mejl till info@laba.se. Om det har blivit n\u00e5got fel p\u00e5 din order \u00e4r det bra att du skriver ditt ordernummer i meddelandet, s\u00e5 hittar vi l\u00e4ttare och kan snabbare hj\u00e4lpa dig l\u00f6sa problemet.\u2026","rel":"","context":"Med 2 kommentarer","img":{"alt_text":"","src":"","width":0,"height":0},"classes":[]},{"id":440,"url":"https:\/\/laba.se\/strumpor-trosor-kalsonger\/index.php\/om-oss\/hur-du-handlar-har\/kop-och-leverans-villkor\/","url_meta":{"origin":6,"position":1},"title":"K\u00f6p och leverans villkor","date":"oktober 18, 2012","format":false,"excerpt":"Vi f\u00f6rs\u00f6ker h\u00e5lla s\u00e5 enkla k\u00f6p och leveransvillkor som m\u00f6jligt. Vi vill att det ska vara enkelt f\u00f6r dig att handla, men viktigast \u00e4r att du ska k\u00e4nna dig trygg som kund. Retur och reklamation. Om du av n\u00e5gon anledning \u00e5ngrar ditt k\u00f6p eller om du r\u00e5kat best\u00e4lla fel storlek,\u2026","rel":"","context":"Liknande inl\u00e4gg","img":{"alt_text":"","src":"","width":0,"height":0},"classes":[]},{"id":4818,"url":"https:\/\/laba.se\/strumpor-trosor-kalsonger\/index.php\/information\/","url_meta":{"origin":6,"position":2},"title":"Information","date":"oktober 27, 2017","format":false,"excerpt":"N\u00e4r man handlar p\u00e5 n\u00e4tet vill man g\u00e4rna veta lite om den som st\u00e5r bakom och vilka k\u00f6p och leveransvillkor som g\u00e4ller. H\u00e4r hittar du l\u00e4nkar till mer information som kan vara anv\u00e4ndbar f\u00f6r dig. Hur du handlar h\u00e4r K\u00f6p och leverans villkor Vanliga fr\u00e5gor och svar Om mig\/Laba Kontakta\u2026","rel":"","context":"Liknande inl\u00e4gg","img":{"alt_text":"","src":"","width":0,"height":0},"classes":[]},{"id":450,"url":"https:\/\/laba.se\/strumpor-trosor-kalsonger\/index.php\/om-oss\/","url_meta":{"origin":6,"position":3},"title":"Om mig","date":"oktober 18, 2012","format":false,"excerpt":"Jag startade Laba i liten skala under 2006. Jag var d\u00e5 mammaledig med mitt tredje barn. Som mamma till tre barn s\u00e5 ins\u00e5g jag att det d\u00e4r med strumpor \u00e4r n\u00e5got som tar mycket tid. Tid som jag hellre spenderade framf\u00f6r datorn p\u00e5 Internet eftersom det d\u00e4r med hemsidor var\u2026","rel":"","context":"Liknande inl\u00e4gg","img":{"alt_text":"","src":"","width":0,"height":0},"classes":[]},{"id":436,"url":"https:\/\/laba.se\/strumpor-trosor-kalsonger\/index.php\/om-oss\/hur-du-handlar-har\/","url_meta":{"origin":6,"position":4},"title":"Hur du handlar h\u00e4r","date":"oktober 18, 2012","format":false,"excerpt":"N\u00e4r man handlar p\u00e5\u00a0Internet\u00a0\u00e4r det viktigt att man tar del av k\u00f6p och leveransvillkoren, oavsett vilken butik det \u00e4r. Vi f\u00f6rs\u00f6ker h\u00e5lla dem s\u00e5 enkla som m\u00f6jligt. Du kan l\u00e4sa mer om alla villkor h\u00e4r... Trots att vi f\u00f6rs\u00f6ker h\u00e5lla dem enkla, s\u00e5 dyker det \u00e4nd\u00e5 upp fr\u00e5gor ibland. \u00c4r\u2026","rel":"","context":"Liknande inl\u00e4gg","img":{"alt_text":"","src":"","width":0,"height":0},"classes":[]},{"id":446,"url":"https:\/\/laba.se\/strumpor-trosor-kalsonger\/index.php\/om-oss\/hur-du-handlar-har\/vanliga-fragor\/","url_meta":{"origin":6,"position":5},"title":"Vanliga fr\u00e5gor","date":"oktober 18, 2012","format":false,"excerpt":"Vi f\u00e5r inte s\u00e5 m\u00e5nga fr\u00e5gor och det hoppas vi beror p\u00e5 att vi f\u00f6rklarar bra fr\u00e5n b\u00f6rjan. Men om det \u00e4r n\u00e5got du undrar s\u00e5 hoppas vi att du h\u00f6r av dig till info@laba.se. Vi \u00e4r h\u00e4r f\u00f6r att hj\u00e4lpa dig och det \u00e4r lite sv\u00e5rt om vi inte\u2026","rel":"","context":"Liknande inl\u00e4gg","img":{"alt_text":"","src":"","width":0,"height":0},"classes":[]}],"_links":{"self":[{"href":"https:\/\/laba.se\/strumpor-trosor-kalsonger\/index.php\/wp-json\/wp\/v2\/pages\/6"}],"collection":[{"href":"https:\/\/laba.se\/strumpor-trosor-kalsonger\/index.php\/wp-json\/wp\/v2\/pages"}],"about":[{"href":"https:\/\/laba.se\/strumpor-trosor-kalsonger\/index.php\/wp-json\/wp\/v2\/types\/page"}],"author":[{"embeddable":true,"href":"https:\/\/laba.se\/strumpor-trosor-kalsonger\/index.php\/wp-json\/wp\/v2\/users\/1"}],"replies":[{"embeddable":true,"href":"https:\/\/laba.se\/strumpor-trosor-kalsonger\/index.php\/wp-json\/wp\/v2\/comments?post=6"}],"version-history":[{"count":23,"href":"https:\/\/laba.se\/strumpor-trosor-kalsonger\/index.php\/wp-json\/wp\/v2\/pages\/6\/revisions"}],"predecessor-version":[{"id":19235,"href":"https:\/\/laba.se\/strumpor-trosor-kalsonger\/index.php\/wp-json\/wp\/v2\/pages\/6\/revisions\/19235"}],"up":[{"embeddable":true,"href":"https:\/\/laba.se\/strumpor-trosor-kalsonger\/index.php\/wp-json\/wp\/v2\/pages\/7"}],"wp:attachment":[{"href":"https:\/\/laba.se\/strumpor-trosor-kalsonger\/index.php\/wp-json\/wp\/v2\/media?parent=6"}],"curies":[{"name":"wp","href":"https:\/\/api.w.org\/{rel}","templated":true}]}}